{"id":81,"date":"2025-08-12T09:38:09","date_gmt":"2025-08-12T07:38:09","guid":{"rendered":"https:\/\/villalecchi.promoservicebeta.com\/?page_id=81"},"modified":"2025-09-12T14:17:10","modified_gmt":"2025-09-12T12:17:10","slug":"colline-toscane","status":"publish","type":"page","link":"https:\/\/www.villalecchi.com\/it\/colline-toscane\/","title":{"rendered":"Colline toscane"},"content":{"rendered":"\t\t<div data-elementor-type=\"wp-page\" data-elementor-id=\"81\" class=\"elementor elementor-81\" data-elementor-post-type=\"page\">\n\t\t\t\t<div class=\"elementor-element elementor-element-f3639e2 e-flex e-con-boxed e-con e-parent\" data-id=\"f3639e2\" data-element_type=\"container\">\n\t\t\t\t\t<div class=\"e-con-inner\">\n\t\t<div class=\"elementor-element elementor-element-1c5ca04 e-con-full e-flex e-con e-child\" data-id=\"1c5ca04\" data-element_type=\"container\">\n\t\t\t\t<div class=\"elementor-element elementor-element-8af9531 h3 elementor-widget elementor-widget-heading\" data-id=\"8af9531\" data-element_type=\"widget\" data-widget_type=\"heading.default\">\n\t\t\t\t<div class=\"elementor-widget-container\">\n\t\t\t\t\t<h2 class=\"elementor-heading-title elementor-size-default\">Una vacanza country nella affascinante terra del Chianti<\/h2>\t\t\t\t<\/div>\n\t\t\t\t<\/div>\n\t\t\t\t<div class=\"elementor-element elementor-element-af49327 elementor-widget elementor-widget-text-editor\" data-id=\"af49327\" data-element_type=\"widget\" data-widget_type=\"text-editor.default\">\n\t\t\t\t<div class=\"elementor-widget-container\">\n\t\t\t\t\t\t\t\t\t<div class=\"wpb_text_column wpb_content_element \"><div class=\"wpb_wrapper\"><p><strong>Villa Lecchi<\/strong>\u00a0\u00e8 molto pi\u00f9 di un\u00a0<strong>hotel<\/strong>\u00a0tra le\u00a0<strong>colline toscane<\/strong>, \u00e8 una residenza d\u2019epoca in pieno stile\u00a0<strong>country<\/strong>\u00a0di\u00a0<strong>Toscana<\/strong>, una location strategica da cui partire per visitare il\u00a0<strong>Chianti<\/strong>, innamorandosi perdutamente dei suoi vigneti, dei suoi orti ed oliveti.<\/p><\/div><\/div><div class=\"wpb_text_column wpb_content_element \"><div class=\"wpb_wrapper\"><p>Da questo resort hotel romantico 4 stelle potrete raggiungere facilmente i luoghi in antichit\u00e0 abitati dagli\u00a0<em>etruschi<\/em>\u00a0(nel territorio circostante sono segnalate famose tombe e necropoli), passeggiare per gli itinerari dei pellegrinaggi di\u00a0<em>San Jacopo<\/em>\u00a0(la via\u00a0<em>Francigena<\/em>) scoprendovi come all\u2019interno di magnifici quadri pitturati di fiori e foto d\u2019autore.<\/p><\/div><\/div>\t\t\t\t\t\t\t\t<\/div>\n\t\t\t\t<\/div>\n\t\t\t\t<\/div>\n\t\t<div class=\"elementor-element elementor-element-d49c29e e-con-full e-flex e-con e-child\" data-id=\"d49c29e\" data-element_type=\"container\">\n\t\t\t\t<div class=\"elementor-element elementor-element-c7d00f7 elementor-widget elementor-widget-image\" data-id=\"c7d00f7\" data-element_type=\"widget\" data-widget_type=\"image.default\">\n\t\t\t\t<div class=\"elementor-widget-container\">\n\t\t\t\t\t\t\t\t\t\t\t\t\t\t\t<img fetchpriority=\"high\" decoding=\"async\" width=\"800\" height=\"450\" src=\"https:\/\/www.villalecchi.com\/wp-content\/uploads\/2025\/09\/Vista-Panoramica-di-Hotel-Villa-Lecchi-1024x576.webp\" class=\"attachment-large size-large wp-image-4601\" alt=\"Vista aerea di una villa tra colline verdi.\" srcset=\"https:\/\/www.villalecchi.com\/wp-content\/uploads\/2025\/09\/Vista-Panoramica-di-Hotel-Villa-Lecchi-1024x576.webp 1024w, https:\/\/www.villalecchi.com\/wp-content\/uploads\/2025\/09\/Vista-Panoramica-di-Hotel-Villa-Lecchi-300x169.webp 300w, https:\/\/www.villalecchi.com\/wp-content\/uploads\/2025\/09\/Vista-Panoramica-di-Hotel-Villa-Lecchi-768x432.webp 768w, https:\/\/www.villalecchi.com\/wp-content\/uploads\/2025\/09\/Vista-Panoramica-di-Hotel-Villa-Lecchi-1536x864.webp 1536w, https:\/\/www.villalecchi.com\/wp-content\/uploads\/2025\/09\/Vista-Panoramica-di-Hotel-Villa-Lecchi.webp 1600w\" sizes=\"(max-width: 800px) 100vw, 800px\" \/>\t\t\t\t\t\t\t\t\t\t\t\t\t\t\t<\/div>\n\t\t\t\t<\/div>\n\t\t\t\t<\/div>\n\t\t\t\t\t<\/div>\n\t\t\t\t<\/div>\n\t\t<div class=\"elementor-element elementor-element-147cd85 e-flex e-con-boxed e-con e-parent\" data-id=\"147cd85\" data-element_type=\"container\">\n\t\t\t\t\t<div class=\"e-con-inner\">\n\t\t<div class=\"elementor-element elementor-element-f7f0bc2 e-con-full e-flex e-con e-child\" data-id=\"f7f0bc2\" data-element_type=\"container\">\n\t\t<div class=\"elementor-element elementor-element-85e1a0d e-con-full e-flex e-con e-child\" data-id=\"85e1a0d\" data-element_type=\"container\">\n\t\t<div class=\"elementor-element elementor-element-a7e50c8 e-con-full e-flex e-con e-child\" data-id=\"a7e50c8\" data-element_type=\"container\">\n\t\t\t\t<div class=\"elementor-element elementor-element-2ab5ce1 elementor-widget elementor-widget-image\" data-id=\"2ab5ce1\" data-element_type=\"widget\" data-widget_type=\"image.default\">\n\t\t\t\t<div class=\"elementor-widget-container\">\n\t\t\t\t\t\t\t\t\t\t\t\t\t\t\t<img decoding=\"async\" width=\"800\" height=\"449\" src=\"https:\/\/www.villalecchi.com\/wp-content\/uploads\/2025\/09\/Vista-panoramica-su-Hotel-Villa-Lecchi-1024x575.webp\" class=\"attachment-large size-large wp-image-4594\" alt=\"Vista aerea di un paesaggio toscano al tramonto.\" srcset=\"https:\/\/www.villalecchi.com\/wp-content\/uploads\/2025\/09\/Vista-panoramica-su-Hotel-Villa-Lecchi-1024x575.webp 1024w, https:\/\/www.villalecchi.com\/wp-content\/uploads\/2025\/09\/Vista-panoramica-su-Hotel-Villa-Lecchi-300x169.webp 300w, https:\/\/www.villalecchi.com\/wp-content\/uploads\/2025\/09\/Vista-panoramica-su-Hotel-Villa-Lecchi-768x432.webp 768w, https:\/\/www.villalecchi.com\/wp-content\/uploads\/2025\/09\/Vista-panoramica-su-Hotel-Villa-Lecchi-1536x863.webp 1536w, https:\/\/www.villalecchi.com\/wp-content\/uploads\/2025\/09\/Vista-panoramica-su-Hotel-Villa-Lecchi.webp 1600w\" sizes=\"(max-width: 800px) 100vw, 800px\" \/>\t\t\t\t\t\t\t\t\t\t\t\t\t\t\t<\/div>\n\t\t\t\t<\/div>\n\t\t\t\t<\/div>\n\t\t<div class=\"elementor-element elementor-element-69c9dbc e-con-full e-flex e-con e-child\" data-id=\"69c9dbc\" data-element_type=\"container\">\n\t\t\t\t<div class=\"elementor-element elementor-element-080b7c9 elementor-widget elementor-widget-image\" data-id=\"080b7c9\" data-element_type=\"widget\" data-widget_type=\"image.default\">\n\t\t\t\t<div class=\"elementor-widget-container\">\n\t\t\t\t\t\t\t\t\t\t\t\t\t\t\t<img decoding=\"async\" width=\"800\" height=\"534\" src=\"https:\/\/www.villalecchi.com\/wp-content\/uploads\/2025\/09\/Tramonto-sui-Vigneti-del-Chianti-1024x683.webp\" class=\"attachment-large size-large wp-image-3793\" alt=\"Vigneto al tramonto con colline colorate dietro.\" srcset=\"https:\/\/www.villalecchi.com\/wp-content\/uploads\/2025\/09\/Tramonto-sui-Vigneti-del-Chianti-1024x683.webp 1024w, https:\/\/www.villalecchi.com\/wp-content\/uploads\/2025\/09\/Tramonto-sui-Vigneti-del-Chianti-300x200.webp 300w, https:\/\/www.villalecchi.com\/wp-content\/uploads\/2025\/09\/Tramonto-sui-Vigneti-del-Chianti-768x512.webp 768w, https:\/\/www.villalecchi.com\/wp-content\/uploads\/2025\/09\/Tramonto-sui-Vigneti-del-Chianti-1536x1024.webp 1536w, https:\/\/www.villalecchi.com\/wp-content\/uploads\/2025\/09\/Tramonto-sui-Vigneti-del-Chianti.webp 1620w\" sizes=\"(max-width: 800px) 100vw, 800px\" \/>\t\t\t\t\t\t\t\t\t\t\t\t\t\t\t<\/div>\n\t\t\t\t<\/div>\n\t\t\t\t<\/div>\n\t\t\t\t<\/div>\n\t\t<div class=\"elementor-element elementor-element-8c9145a e-con-full e-flex e-con e-child\" data-id=\"8c9145a\" data-element_type=\"container\">\n\t\t\t\t<div class=\"elementor-element elementor-element-67b7c63 elementor-widget elementor-widget-image\" data-id=\"67b7c63\" data-element_type=\"widget\" data-widget_type=\"image.default\">\n\t\t\t\t<div class=\"elementor-widget-container\">\n\t\t\t\t\t\t\t\t\t\t\t\t\t\t\t<img loading=\"lazy\" decoding=\"async\" width=\"600\" height=\"984\" src=\"https:\/\/www.villalecchi.com\/wp-content\/uploads\/2025\/09\/Panorama-della-campagna-toscana-Hotel-Villa-Lecchi.webp\" class=\"attachment-large size-large wp-image-3779\" alt=\"Veduta aerea di villa toscana circondata da colline.\" srcset=\"https:\/\/www.villalecchi.com\/wp-content\/uploads\/2025\/09\/Panorama-della-campagna-toscana-Hotel-Villa-Lecchi.webp 600w, https:\/\/www.villalecchi.com\/wp-content\/uploads\/2025\/09\/Panorama-della-campagna-toscana-Hotel-Villa-Lecchi-183x300.webp 183w\" sizes=\"(max-width: 600px) 100vw, 600px\" \/>\t\t\t\t\t\t\t\t\t\t\t\t\t\t\t<\/div>\n\t\t\t\t<\/div>\n\t\t\t\t<\/div>\n\t\t\t\t<\/div>\n\t\t<div class=\"elementor-element elementor-element-6e72e1d e-con-full e-flex e-con e-child\" data-id=\"6e72e1d\" data-element_type=\"container\">\n\t\t\t\t<div class=\"elementor-element elementor-element-a9ec3f1 elementor-widget elementor-widget-text-editor\" data-id=\"a9ec3f1\" data-element_type=\"widget\" data-widget_type=\"text-editor.default\">\n\t\t\t\t<div class=\"elementor-widget-container\">\n\t\t\t\t\t\t\t\t\t<div class=\"vc_row wpb_row section vc_row-fluid \"><div class=\" full_section_inner clearfix\"><div class=\"wpb_column vc_column_container vc_col-sm-6\"><div class=\"vc_column-inner\"><div class=\"wpb_wrapper\"><div class=\"wpb_text_column wpb_content_element \"><div class=\"wpb_wrapper\"><div class=\"box_fluid\"><div class=\"pad20\"><div class=\"gridTesto\"><p class=\"t_center\">Vi consigliamo di esplorare\u00a0<strong>San Gimignano<\/strong>\u00a0e\u00a0<strong>Volterra<\/strong>, due rare perle medievali che conservano il fascino antico, tra piccole vie acciottolate e palazzi nobiliari, pievi misteriose, case torri e artigiani locali che tramandano lavorazioni da molte generazioni. Non perdetevi la\u00a0<strong>Torre del Diavolo<\/strong>\u00a0e il\u00a0<strong>Museo della Tortura<\/strong>!<br \/>Percorrendo le colline toscane, tra formazioni sedimentarie, boschi, piccoli fiumi e affioramenti vulcanici, troverete\u00a0<em>Pontedera<\/em>,\u00a0<em>Poppi<\/em>,\u00a0<em>Siena<\/em>,\u00a0<em>Pisa<\/em>,\u00a0<em>Colle Val d\u2019Elsa<\/em>\u00a0e soprattutto i maestosi paesi del\u00a0<em>Chianti<\/em>:\u00a0<em>Volpaia<\/em>,\u00a0<em>Radda<\/em>,\u00a0<em>Castellina<\/em>\u00a0e\u00a0<em>Greve<\/em>. Se avete pi\u00f9 di un weekend a disposizione non potete perdere il Duomo senese e una visita a\u00a0<em>Piazza dei Miracoli<\/em>\u00a0e alla\u00a0<em>Torre Pendente<\/em>! Il nostro staff sar\u00e0 sempre pronto a darvi indicazioni e consigli su viaggi, itinerari.<\/p><p class=\"t_center\">Al ritorno da escursioni dense di sapori di prodotti tipici (olio, vino e formaggio in assoluto primo piano), profumi di campagna, paesaggi incantevoli e cittadelle fortificate, godrete di uno spazio da sogno dove dormire. Un country hotel di Toscana sulle colline del Chianti, affacciato su di un autentico scorcio di paradiso, luogo ideale per trascorrere vacanze indimenticabili.<\/p><\/div><\/div><\/div><\/div><\/div><\/div><\/div><\/div><\/div><\/div>\t\t\t\t\t\t\t\t<\/div>\n\t\t\t\t<\/div>\n\t\t\t\t<\/div>\n\t\t\t\t\t<\/div>\n\t\t\t\t<\/div>\n\t\t\t\t<\/div>\n\t\t","protected":false},"excerpt":{"rendered":"<p>Una vacanza country nella affascinante terra del Chianti Villa Lecchi\u00a0\u00e8 molto pi\u00f9 di un\u00a0hotel\u00a0tra le\u00a0colline toscane, \u00e8 una residenza d\u2019epoca in pieno stile\u00a0country\u00a0di\u00a0Toscana, una location strategica da cui partire per visitare il\u00a0Chianti, innamorandosi perdutamente dei suoi vigneti, dei suoi orti ed oliveti. Da questo resort hotel romantico 4 stelle potrete raggiungere facilmente i luoghi in [&hellip;]<\/p>\n","protected":false},"author":1,"featured_media":4162,"parent":0,"menu_order":31,"comment_status":"closed","ping_status":"closed","template":"","meta":{"_acf_changed":false,"footnotes":""},"class_list":["post-81","page","type-page","status-publish","has-post-thumbnail","hentry"],"acf":[],"yoast_head":"<!-- This site is optimized with the Yoast SEO plugin v25.9 - https:\/\/yoast.com\/wordpress\/plugins\/seo\/ -->\n<title>Colline toscane - Villa Lecchi<\/title>\n<meta name=\"description\" content=\"Villa Lecchi \u00e8 molto pi\u00f9 di un hotel tra le colline toscane, \u00e8 una residenza d\u2019epoca in pieno stile country di Toscana, una location strategica da cui partire per visitare il Chianti\" \/>\n<meta name=\"robots\" content=\"index, follow, max-snippet:-1, max-image-preview:large, max-video-preview:-1\" \/>\n<link rel=\"canonical\" href=\"https:\/\/www.villalecchi.com\/it\/colline-toscane\/\" \/>\n<meta property=\"og:locale\" content=\"it_IT\" \/>\n<meta property=\"og:type\" content=\"article\" \/>\n<meta property=\"og:title\" content=\"Colline toscane - Villa Lecchi\" \/>\n<meta property=\"og:description\" content=\"Villa Lecchi \u00e8 molto pi\u00f9 di un hotel tra le colline toscane, \u00e8 una residenza d\u2019epoca in pieno stile country di Toscana, una location strategica da cui partire per visitare il Chianti\" \/>\n<meta property=\"og:url\" content=\"https:\/\/www.villalecchi.com\/it\/colline-toscane\/\" \/>\n<meta property=\"og:site_name\" content=\"Villa Lecchi\" \/>\n<meta property=\"article:modified_time\" content=\"2025-09-12T12:17:10+00:00\" \/>\n<meta property=\"og:image\" content=\"https:\/\/www.villalecchi.com\/wp-content\/uploads\/2025\/09\/colline_banner-1.jpg\" \/>\n\t<meta property=\"og:image:width\" content=\"2001\" \/>\n\t<meta property=\"og:image:height\" content=\"538\" \/>\n\t<meta property=\"og:image:type\" content=\"image\/jpeg\" \/>\n<meta name=\"twitter:card\" content=\"summary_large_image\" \/>\n<meta name=\"twitter:label1\" content=\"Tempo di lettura stimato\" \/>\n\t<meta name=\"twitter:data1\" content=\"3 minuti\" \/>\n<script type=\"application\/ld+json\" class=\"yoast-schema-graph\">{\"@context\":\"https:\/\/schema.org\",\"@graph\":[{\"@type\":\"WebPage\",\"@id\":\"https:\/\/www.villalecchi.com\/it\/colline-toscane\/\",\"url\":\"https:\/\/www.villalecchi.com\/it\/colline-toscane\/\",\"name\":\"Colline toscane - Villa Lecchi\",\"isPartOf\":{\"@id\":\"https:\/\/www.villalecchi.com\/it\/#website\"},\"primaryImageOfPage\":{\"@id\":\"https:\/\/www.villalecchi.com\/it\/colline-toscane\/#primaryimage\"},\"image\":{\"@id\":\"https:\/\/www.villalecchi.com\/it\/colline-toscane\/#primaryimage\"},\"thumbnailUrl\":\"https:\/\/www.villalecchi.com\/wp-content\/uploads\/2025\/09\/colline_banner-1.jpg\",\"datePublished\":\"2025-08-12T07:38:09+00:00\",\"dateModified\":\"2025-09-12T12:17:10+00:00\",\"description\":\"Villa Lecchi \u00e8 molto pi\u00f9 di un hotel tra le colline toscane, \u00e8 una residenza d\u2019epoca in pieno stile country di Toscana, una location strategica da cui partire per visitare il Chianti\",\"breadcrumb\":{\"@id\":\"https:\/\/www.villalecchi.com\/it\/colline-toscane\/#breadcrumb\"},\"inLanguage\":\"it-IT\",\"potentialAction\":[{\"@type\":\"ReadAction\",\"target\":[\"https:\/\/www.villalecchi.com\/it\/colline-toscane\/\"]}]},{\"@type\":\"ImageObject\",\"inLanguage\":\"it-IT\",\"@id\":\"https:\/\/www.villalecchi.com\/it\/colline-toscane\/#primaryimage\",\"url\":\"https:\/\/www.villalecchi.com\/wp-content\/uploads\/2025\/09\/colline_banner-1.jpg\",\"contentUrl\":\"https:\/\/www.villalecchi.com\/wp-content\/uploads\/2025\/09\/colline_banner-1.jpg\",\"width\":2001,\"height\":538},{\"@type\":\"BreadcrumbList\",\"@id\":\"https:\/\/www.villalecchi.com\/it\/colline-toscane\/#breadcrumb\",\"itemListElement\":[{\"@type\":\"ListItem\",\"position\":1,\"name\":\"Home\",\"item\":\"https:\/\/www.villalecchi.com\/it\/\"},{\"@type\":\"ListItem\",\"position\":2,\"name\":\"Colline toscane\"}]},{\"@type\":\"WebSite\",\"@id\":\"https:\/\/www.villalecchi.com\/it\/#website\",\"url\":\"https:\/\/www.villalecchi.com\/it\/\",\"name\":\"Villa Lecchi\",\"description\":\"residenza d\u2019epoca Toscana sulle colline del Chianti\",\"publisher\":{\"@id\":\"https:\/\/www.villalecchi.com\/it\/#organization\"},\"potentialAction\":[{\"@type\":\"SearchAction\",\"target\":{\"@type\":\"EntryPoint\",\"urlTemplate\":\"https:\/\/www.villalecchi.com\/it\/?s={search_term_string}\"},\"query-input\":{\"@type\":\"PropertyValueSpecification\",\"valueRequired\":true,\"valueName\":\"search_term_string\"}}],\"inLanguage\":\"it-IT\"},{\"@type\":\"Organization\",\"@id\":\"https:\/\/www.villalecchi.com\/it\/#organization\",\"name\":\"Villa Lecchi\",\"url\":\"https:\/\/www.villalecchi.com\/it\/\",\"logo\":{\"@type\":\"ImageObject\",\"inLanguage\":\"it-IT\",\"@id\":\"https:\/\/www.villalecchi.com\/it\/#\/schema\/logo\/image\/\",\"url\":\"https:\/\/www.villalecchi.com\/wp-content\/uploads\/2025\/08\/villa-lecchi-logo-split.png\",\"contentUrl\":\"https:\/\/www.villalecchi.com\/wp-content\/uploads\/2025\/08\/villa-lecchi-logo-split.png\",\"width\":600,\"height\":140,\"caption\":\"Villa Lecchi\"},\"image\":{\"@id\":\"https:\/\/www.villalecchi.com\/it\/#\/schema\/logo\/image\/\"}}]}<\/script>\n<!-- \/ Yoast SEO plugin. -->","yoast_head_json":{"title":"Colline toscane - Villa Lecchi","description":"Villa Lecchi \u00e8 molto pi\u00f9 di un hotel tra le colline toscane, \u00e8 una residenza d\u2019epoca in pieno stile country di Toscana, una location strategica da cui partire per visitare il Chianti","robots":{"index":"index","follow":"follow","max-snippet":"max-snippet:-1","max-image-preview":"max-image-preview:large","max-video-preview":"max-video-preview:-1"},"canonical":"https:\/\/www.villalecchi.com\/it\/colline-toscane\/","og_locale":"it_IT","og_type":"article","og_title":"Colline toscane - Villa Lecchi","og_description":"Villa Lecchi \u00e8 molto pi\u00f9 di un hotel tra le colline toscane, \u00e8 una residenza d\u2019epoca in pieno stile country di Toscana, una location strategica da cui partire per visitare il Chianti","og_url":"https:\/\/www.villalecchi.com\/it\/colline-toscane\/","og_site_name":"Villa Lecchi","article_modified_time":"2025-09-12T12:17:10+00:00","og_image":[{"width":2001,"height":538,"url":"https:\/\/www.villalecchi.com\/wp-content\/uploads\/2025\/09\/colline_banner-1.jpg","type":"image\/jpeg"}],"twitter_card":"summary_large_image","twitter_misc":{"Tempo di lettura stimato":"3 minuti"},"schema":{"@context":"https:\/\/schema.org","@graph":[{"@type":"WebPage","@id":"https:\/\/www.villalecchi.com\/it\/colline-toscane\/","url":"https:\/\/www.villalecchi.com\/it\/colline-toscane\/","name":"Colline toscane - Villa Lecchi","isPartOf":{"@id":"https:\/\/www.villalecchi.com\/it\/#website"},"primaryImageOfPage":{"@id":"https:\/\/www.villalecchi.com\/it\/colline-toscane\/#primaryimage"},"image":{"@id":"https:\/\/www.villalecchi.com\/it\/colline-toscane\/#primaryimage"},"thumbnailUrl":"https:\/\/www.villalecchi.com\/wp-content\/uploads\/2025\/09\/colline_banner-1.jpg","datePublished":"2025-08-12T07:38:09+00:00","dateModified":"2025-09-12T12:17:10+00:00","description":"Villa Lecchi \u00e8 molto pi\u00f9 di un hotel tra le colline toscane, \u00e8 una residenza d\u2019epoca in pieno stile country di Toscana, una location strategica da cui partire per visitare il Chianti","breadcrumb":{"@id":"https:\/\/www.villalecchi.com\/it\/colline-toscane\/#breadcrumb"},"inLanguage":"it-IT","potentialAction":[{"@type":"ReadAction","target":["https:\/\/www.villalecchi.com\/it\/colline-toscane\/"]}]},{"@type":"ImageObject","inLanguage":"it-IT","@id":"https:\/\/www.villalecchi.com\/it\/colline-toscane\/#primaryimage","url":"https:\/\/www.villalecchi.com\/wp-content\/uploads\/2025\/09\/colline_banner-1.jpg","contentUrl":"https:\/\/www.villalecchi.com\/wp-content\/uploads\/2025\/09\/colline_banner-1.jpg","width":2001,"height":538},{"@type":"BreadcrumbList","@id":"https:\/\/www.villalecchi.com\/it\/colline-toscane\/#breadcrumb","itemListElement":[{"@type":"ListItem","position":1,"name":"Home","item":"https:\/\/www.villalecchi.com\/it\/"},{"@type":"ListItem","position":2,"name":"Colline toscane"}]},{"@type":"WebSite","@id":"https:\/\/www.villalecchi.com\/it\/#website","url":"https:\/\/www.villalecchi.com\/it\/","name":"Villa Lecchi","description":"residenza d\u2019epoca Toscana sulle colline del Chianti","publisher":{"@id":"https:\/\/www.villalecchi.com\/it\/#organization"},"potentialAction":[{"@type":"SearchAction","target":{"@type":"EntryPoint","urlTemplate":"https:\/\/www.villalecchi.com\/it\/?s={search_term_string}"},"query-input":{"@type":"PropertyValueSpecification","valueRequired":true,"valueName":"search_term_string"}}],"inLanguage":"it-IT"},{"@type":"Organization","@id":"https:\/\/www.villalecchi.com\/it\/#organization","name":"Villa Lecchi","url":"https:\/\/www.villalecchi.com\/it\/","logo":{"@type":"ImageObject","inLanguage":"it-IT","@id":"https:\/\/www.villalecchi.com\/it\/#\/schema\/logo\/image\/","url":"https:\/\/www.villalecchi.com\/wp-content\/uploads\/2025\/08\/villa-lecchi-logo-split.png","contentUrl":"https:\/\/www.villalecchi.com\/wp-content\/uploads\/2025\/08\/villa-lecchi-logo-split.png","width":600,"height":140,"caption":"Villa Lecchi"},"image":{"@id":"https:\/\/www.villalecchi.com\/it\/#\/schema\/logo\/image\/"}}]}},"_links":{"self":[{"href":"https:\/\/www.villalecchi.com\/it\/wp-json\/wp\/v2\/pages\/81","targetHints":{"allow":["GET"]}}],"collection":[{"href":"https:\/\/www.villalecchi.com\/it\/wp-json\/wp\/v2\/pages"}],"about":[{"href":"https:\/\/www.villalecchi.com\/it\/wp-json\/wp\/v2\/types\/page"}],"author":[{"embeddable":true,"href":"https:\/\/www.villalecchi.com\/it\/wp-json\/wp\/v2\/users\/1"}],"replies":[{"embeddable":true,"href":"https:\/\/www.villalecchi.com\/it\/wp-json\/wp\/v2\/comments?post=81"}],"version-history":[{"count":29,"href":"https:\/\/www.villalecchi.com\/it\/wp-json\/wp\/v2\/pages\/81\/revisions"}],"predecessor-version":[{"id":4665,"href":"https:\/\/www.villalecchi.com\/it\/wp-json\/wp\/v2\/pages\/81\/revisions\/4665"}],"wp:featuredmedia":[{"embeddable":true,"href":"https:\/\/www.villalecchi.com\/it\/wp-json\/wp\/v2\/media\/4162"}],"wp:attachment":[{"href":"https:\/\/www.villalecchi.com\/it\/wp-json\/wp\/v2\/media?parent=81"}],"curies":[{"name":"wp","href":"https:\/\/api.w.org\/{rel}","templated":true}]}}